{"id":34,"date":"2025-04-09T07:12:18","date_gmt":"2025-04-09T07:12:18","guid":{"rendered":"http:\/\/ipip.info.pl\/?page_id=34"},"modified":"2025-04-09T15:50:45","modified_gmt":"2025-04-09T15:50:45","slug":"34-2","status":"publish","type":"page","link":"https:\/\/ipip.info.pl\/?page_id=34","title":{"rendered":"O nas"},"content":{"rendered":"\n<div class=\"wp-block-cover alignfull is-light has-contrast-color has-text-color has-link-color wp-elements-6b117222e391a13d461d140a605be1c8\" style=\"margin-top:0;margin-bottom:0;padding-top:var(--wp--preset--spacing--60);padding-right:var(--wp--preset--spacing--50);padding-bottom:var(--wp--preset--spacing--60);padding-left:var(--wp--preset--spacing--50)\"><span aria-hidden=\"true\" class=\"wp-block-cover__background has-base-background-color has-background-dim-100 has-background-dim\"><\/span><div class=\"wp-block-cover__inner-container has-global-padding is-layout-constrained wp-container-core-cover-is-layout-873ee6b1 wp-block-cover-is-layout-constrained\">\n<div class=\"wp-block-columns alignwide is-layout-flex wp-container-core-columns-is-layout-7ee84d44 wp-block-columns-is-layout-flex\">\n<div class=\"wp-block-column is-layout-flow wp-block-column-is-layout-flow\" style=\"flex-basis:65%\">\n<div class=\"wp-block-group is-vertical is-content-justification-stretch is-layout-flex wp-container-core-group-is-layout-353c4f5a wp-block-group-is-layout-flex\">\n<p class=\"is-style-text-subtitle is-style-text-subtitle--1\">W Instytucie Psychoprofilaktyki i Psychoterapii wierzymy, \u017ce dobre \u017cycie zaczyna si\u0119 od troski o zdrowie psychiczne \u2013 zar\u00f3wno jednostki, jak i ca\u0142ego spo\u0142ecze\u0144stwa. <\/p>\n\n\n\n<p class=\"is-style-text-subtitle is-style-text-subtitle--2\">Jako Towarzystwo Naukowe \u0142\u0105czymy wiedz\u0119, praktyk\u0119 i zaanga\u017cowanie, by realnie wp\u0142ywa\u0107 na jako\u015b\u0107 \u017cycia ludzi.<\/p>\n\n\n\n<p class=\"is-style-text-subtitle has-large-font-size is-style-text-subtitle--3\">Naszym celem jest:<\/p>\n\n\n\n<ol class=\"wp-block-list\">\n<li>organizowanie szkole\u0144, warsztat\u00f3w i wydarze\u0144, kt\u00f3re pomagaj\u0105 psychologom i psychoterapeutom rozwija\u0107 swoje kompetencje.<\/li>\n\n\n\n<li>prowadzenie bada\u0144 i przygotowywanie raport\u00f3w oraz ekspertyz, kt\u00f3re wspieraj\u0105 rozw\u00f3j psychologii i psychoterapii,<\/li>\n\n\n\n<li>dzielenie si\u0119 wiedz\u0105 i uczestniczenie w wa\u017cnych rozmowach spo\u0142ecznych o tym, co wp\u0142ywa na nasze samopoczucie i relacje,<\/li>\n\n\n\n<li>dbanie o etyk\u0119 i godno\u015b\u0107 w wykonywaniu zawod\u00f3w psychologicznych \u2013 szczeg\u00f3lnie w obszarze psychoterapii uzale\u017cnie\u0144.<\/li>\n<\/ol>\n\n\n\n<p class=\"is-style-text-subtitle has-large-font-size is-style-text-subtitle--4\">Poprzez po\u0142\u0105czenie dzia\u0142alno\u015bci naukowej, edukacyjnej i spo\u0142ecznej, Instytut d\u0105\u017cy do realnego wp\u0142ywu na jako\u015b\u0107 \u017cycia oraz standardy pracy w obszarze zdrowia psychicznego. Nasze dzia\u0142ania opieraj\u0105 si\u0119 na  wiedzy, etyce i zaanga\u017cowaniu w rozw\u00f3j specjalist\u00f3w oraz szeroko poj\u0119tego \u015brodowiska.<\/p>\n\n\n\n<p><\/p>\n\n\n\n<p><\/p>\n\n\n\n<p><\/p>\n<\/div>\n<\/div>\n\n\n\n<div class=\"wp-block-column is-layout-flow wp-block-column-is-layout-flow\" style=\"flex-basis:35%\">\n<div class=\"wp-block-group is-vertical is-content-justification-stretch is-nowrap is-layout-flex wp-container-core-group-is-layout-73b0033c wp-block-group-is-layout-flex\">\n<figure class=\"wp-block-image size-full\"><img loading=\"lazy\" decoding=\"async\" width=\"768\" height=\"1408\" src=\"http:\/\/ipip.info.pl\/wp-content\/uploads\/2025\/04\/roslinka.png\" alt=\"\" class=\"wp-image-39\" style=\"aspect-ratio:3\/4;object-fit:cover\" srcset=\"https:\/\/ipip.info.pl\/wp-content\/uploads\/2025\/04\/roslinka.png 768w, https:\/\/ipip.info.pl\/wp-content\/uploads\/2025\/04\/roslinka-164x300.png 164w, https:\/\/ipip.info.pl\/wp-content\/uploads\/2025\/04\/roslinka-559x1024.png 559w\" sizes=\"auto, (max-width: 768px) 100vw, 768px\" \/><\/figure>\n\n\n\n<p class=\"has-text-align-right has-x-large-font-size\" style=\"line-height:1.2\"><\/p>\n<\/div>\n<\/div>\n<\/div>\n<\/div><\/div>\n","protected":false},"excerpt":{"rendered":"","protected":false},"author":1,"featured_media":0,"parent":0,"menu_order":0,"comment_status":"closed","ping_status":"closed","template":"","meta":{"footnotes":""},"class_list":["post-34","page","type-page","status-publish","hentry"],"_links":{"self":[{"href":"https:\/\/ipip.info.pl\/index.php?rest_route=\/wp\/v2\/pages\/34","targetHints":{"allow":["GET"]}}],"collection":[{"href":"https:\/\/ipip.info.pl\/index.php?rest_route=\/wp\/v2\/pages"}],"about":[{"href":"https:\/\/ipip.info.pl\/index.php?rest_route=\/wp\/v2\/types\/page"}],"author":[{"embeddable":true,"href":"https:\/\/ipip.info.pl\/index.php?rest_route=\/wp\/v2\/users\/1"}],"replies":[{"embeddable":true,"href":"https:\/\/ipip.info.pl\/index.php?rest_route=%2Fwp%2Fv2%2Fcomments&post=34"}],"version-history":[{"count":9,"href":"https:\/\/ipip.info.pl\/index.php?rest_route=\/wp\/v2\/pages\/34\/revisions"}],"predecessor-version":[{"id":81,"href":"https:\/\/ipip.info.pl\/index.php?rest_route=\/wp\/v2\/pages\/34\/revisions\/81"}],"wp:attachment":[{"href":"https:\/\/ipip.info.pl\/index.php?rest_route=%2Fwp%2Fv2%2Fmedia&parent=34"}],"curies":[{"name":"wp","href":"https:\/\/api.w.org\/{rel}","templated":true}]}}