{"id":12,"date":"2025-04-09T08:58:46","date_gmt":"2025-04-09T08:58:46","guid":{"rendered":"http:\/\/ipip.info.pl\/?page_id=12"},"modified":"2025-04-09T09:02:32","modified_gmt":"2025-04-09T09:02:32","slug":"aplikanci","status":"publish","type":"page","link":"https:\/\/ipip.info.pl\/?page_id=12","title":{"rendered":"Aplikanci"},"content":{"rendered":"\n<hr class=\"wp-block-separator has-alpha-channel-opacity\"\/>\n\n\n\n<p>Superwizorzy Psychoterapii Uzale\u017cnie\u0144<\/p>\n\n\n\n<figure class=\"wp-block-table alignwide\"><table><thead><tr><th>lp<\/th><th>Imi\u0119 i Nazwisko<\/th><th>Telefon<\/th><th>e-mail<\/th><th>Wojew\u00f3dztwo \/ miejscowo\u015b\u0107<\/th><\/tr><\/thead><tbody><tr><td>1<\/td><td>Robert Gierek<\/td><td>601463011<\/td><td>robertgierek@wp.pl<\/td><td>wojew\u00f3dztwo \u015bl\u0105skie<\/td><\/tr><tr><td>2<\/td><td>Grzegorz Kuli\u0144ski<\/td><td>724646210<\/td><td>grzegorz.kulinski@o2.pl<\/td><td>wojew\u00f3dztwo dolno\u015bl\u0105skie<\/td><\/tr><tr><td>3<\/td><td>Karol Ostrowski<\/td><td>505672543<\/td><td>k_ostrowski01@o2.pl<\/td><td>wojew\u00f3dztwo lubelskie<\/td><\/tr><tr><td>4<\/td><td>Piotr Sobczak<\/td><td>691756527<\/td><td>p.g.sobczak@gmail.com<\/td><td>wojew\u00f3dztwo \u015bl\u0105skie<\/td><\/tr><tr><td>5<\/td><td>Magdalena Turza \u2013 Krajewska<\/td><td>663708765<\/td><td>magdalena.t.krajewska@gmail.com<\/td><td>wojew\u00f3dztwo podkarpackie<\/td><\/tr><tr><td>6<\/td><td>Sylwia Wojtysiak<\/td><td>695711678<\/td><td>biuro@silva-rerum.pl<\/td><td>wojew\u00f3dztwo mazowieckie<\/td><\/tr><tr><td>7<\/td><td>Aleksandra Ziemba<\/td><td>661022933<\/td><td>aleksandra_ziemba@op.pl<\/td><td>wojew\u00f3dztwo dolno\u015bl\u0105skie<\/td><\/tr><\/tbody><\/table><\/figure>\n\n\n\n<p><\/p>\n","protected":false},"excerpt":{"rendered":"<p>Superwizorzy Psychoterapii Uzale\u017cnie\u0144 lp Imi\u0119 i Nazwisko Telefon e-mail Wojew\u00f3dztwo \/ miejscowo\u015b\u0107 1 Robert Gierek 601463011 robertgierek@wp.pl wojew\u00f3dztwo \u015bl\u0105skie 2 Grzegorz Kuli\u0144ski 724646210 grzegorz.kulinski@o2.pl wojew\u00f3dztwo dolno\u015bl\u0105skie 3 Karol Ostrowski 505672543 k_ostrowski01@o2.pl wojew\u00f3dztwo lubelskie 4 Piotr Sobczak 691756527 p.g.sobczak@gmail.com wojew\u00f3dztwo \u015bl\u0105skie 5 Magdalena Turza \u2013 Krajewska 663708765 magdalena.t.krajewska@gmail.com wojew\u00f3dztwo podkarpackie 6 Sylwia Wojtysiak 695711678 biuro@silva-rerum.pl wojew\u00f3dztwo [&hellip;]<\/p>\n","protected":false},"author":1,"featured_media":0,"parent":0,"menu_order":0,"comment_status":"closed","ping_status":"closed","template":"","meta":{"footnotes":""},"class_list":["post-12","page","type-page","status-publish","hentry"],"_links":{"self":[{"href":"https:\/\/ipip.info.pl\/index.php?rest_route=\/wp\/v2\/pages\/12","targetHints":{"allow":["GET"]}}],"collection":[{"href":"https:\/\/ipip.info.pl\/index.php?rest_route=\/wp\/v2\/pages"}],"about":[{"href":"https:\/\/ipip.info.pl\/index.php?rest_route=\/wp\/v2\/types\/page"}],"author":[{"embeddable":true,"href":"https:\/\/ipip.info.pl\/index.php?rest_route=\/wp\/v2\/users\/1"}],"replies":[{"embeddable":true,"href":"https:\/\/ipip.info.pl\/index.php?rest_route=%2Fwp%2Fv2%2Fcomments&post=12"}],"version-history":[{"count":4,"href":"https:\/\/ipip.info.pl\/index.php?rest_route=\/wp\/v2\/pages\/12\/revisions"}],"predecessor-version":[{"id":46,"href":"https:\/\/ipip.info.pl\/index.php?rest_route=\/wp\/v2\/pages\/12\/revisions\/46"}],"wp:attachment":[{"href":"https:\/\/ipip.info.pl\/index.php?rest_route=%2Fwp%2Fv2%2Fmedia&parent=12"}],"curies":[{"name":"wp","href":"https:\/\/api.w.org\/{rel}","templated":true}]}}